{"id":21784,"date":"2022-02-08T10:33:52","date_gmt":"2022-02-08T09:33:52","guid":{"rendered":"https:\/\/www.forenseek.fr\/mentions-legales\/"},"modified":"2025-10-27T10:22:50","modified_gmt":"2025-10-27T09:22:50","slug":"mentions-legales","status":"publish","type":"page","link":"https:\/\/www.forenseek.fr\/en\/mentions-legales\/","title":{"rendered":"Legal notice"},"content":{"rendered":"<p>Le site internet <a href=\"https:\/\/www.forenseek.fr\/en\/\">www.forenseek.fr<\/a> est \u00e9dit\u00e9 par la soci\u00e9t\u00e9 Forenseek, (ci-apr\u00e8s d\u00e9nomm\u00e9e la <strong><em>\u00ab Soci\u00e9t\u00e9&nbsp;<\/em><\/strong><em>\u00bb), <\/em>soci\u00e9t\u00e9 par actions simplifi\u00e9e \u00e0 associ\u00e9 unique, dont le si\u00e8ge social est situ\u00e9 au 3 Villa Faie F\u00e9lix, 94300 Vincennes, immatricul\u00e9e au Registre du Commerce et des Soci\u00e9t\u00e9s de Cr\u00e9teil sous le num\u00e9ro 899 030 209, et dont le num\u00e9ro de TVA intracommunautaire est le FR13899030209.<\/p><p>Le Site est h\u00e9berg\u00e9 par OVH, soci\u00e9t\u00e9 au capital social de 10 174 560 euros, dont le si\u00e8ge social est, 2 rue Kellermann, 59100 Roubaix \u2013 France.<\/p><p>Monsieur S\u00e9bastien AGUILAR est directeur de la publication du Site.<\/p><p>Il est possible de contacter la Soci\u00e9t\u00e9 \u00e0 l&#8217;adresse indiqu\u00e9e en t\u00eate des pr\u00e9sentes, via le formulaire de contact disponible sur le site internet ou encore par courrier \u00e9lectronique \u00e0 l\u2019adresse <a href=\"mailto:contact@forenseek.fr\">contact@forenseek.fr<\/a>.<\/p><p>Pour des informations relatives au traitement de vos donn\u00e9es personnelles, nous vous invitons \u00e0 vous r\u00e9f\u00e9rer \u00e0 la Politique de Confidentialit\u00e9 pr\u00e9sente sur le site internet.<\/p><p>Pour toute autre information relative \u00e0 aux services pr\u00e9sents sur le Site, des Conditions G\u00e9n\u00e9rales d\u2019Utilisation et de Vente, sont disponibles sur le pr\u00e9sent site internet.<\/p>","protected":false},"excerpt":{"rendered":"<p>Le site internet www.forenseek.fr est \u00e9dit\u00e9 par la soci\u00e9t\u00e9 Forenseek, (ci-apr\u00e8s d\u00e9nomm\u00e9e la \u00ab Soci\u00e9t\u00e9&nbsp;\u00bb), soci\u00e9t\u00e9 par actions simplifi\u00e9e \u00e0 associ\u00e9 unique, dont le si\u00e8ge social est situ\u00e9 au 3 Villa Faie F\u00e9lix, 94300 Vincennes, immatricul\u00e9e au Registre du Commerce et des Soci\u00e9t\u00e9s de Cr\u00e9teil sous le num\u00e9ro 899 030 209, et dont le num\u00e9ro &hellip; <a href=\"https:\/\/www.forenseek.fr\/en\/mentions-legales\/\" class=\"more-link\">Continue reading <span class=\"screen-reader-text\">Legal notice<\/span> <span class=\"meta-nav\">&rarr;<\/span><\/a><\/p>\n","protected":false},"author":1,"featured_media":0,"parent":0,"menu_order":0,"comment_status":"closed","ping_status":"closed","template":"template-cms.php","meta":{"_acf_changed":false,"footnotes":""},"class_list":["post-21784","page","type-page","status-publish","hentry"],"acf":[],"yoast_head":"<!-- This site is optimized with the Yoast SEO Premium plugin v24.7 (Yoast SEO v27.5) - https:\/\/yoast.com\/product\/yoast-seo-premium-wordpress\/ -->\n<title>Forenseek - Legal notice<\/title>\n<meta name=\"robots\" content=\"noindex, nofollow\" \/>\n<meta property=\"og:locale\" content=\"en_US\" \/>\n<meta property=\"og:type\" content=\"article\" \/>\n<meta property=\"og:title\" content=\"Legal notice\" \/>\n<meta property=\"og:description\" content=\"Le site internet www.forenseek.fr est \u00e9dit\u00e9 par la soci\u00e9t\u00e9 Forenseek, (ci-apr\u00e8s d\u00e9nomm\u00e9e la \u00ab Soci\u00e9t\u00e9&nbsp;\u00bb), soci\u00e9t\u00e9 par actions simplifi\u00e9e \u00e0 associ\u00e9 unique, dont le si\u00e8ge social est situ\u00e9 au 3 Villa Faie F\u00e9lix, 94300 Vincennes, immatricul\u00e9e au Registre du Commerce et des Soci\u00e9t\u00e9s de Cr\u00e9teil sous le num\u00e9ro 899 030 209, et dont le num\u00e9ro &hellip; Continue reading Legal notice &rarr;\" \/>\n<meta property=\"og:url\" content=\"https:\/\/www.forenseek.fr\/en\/mentions-legales\/\" \/>\n<meta property=\"og:site_name\" content=\"Forenseek\" \/>\n<meta property=\"article:publisher\" content=\"https:\/\/www.facebook.com\/forenseekfr\/\" \/>\n<meta property=\"article:modified_time\" content=\"2025-10-27T09:22:50+00:00\" \/>\n<meta property=\"og:image\" content=\"https:\/\/www.forenseek.fr\/wp-content\/uploads\/2022\/02\/LOGO-YOUTUBE-FORENSEEK.jpg\" \/>\n\t<meta property=\"og:image:width\" content=\"1\" \/>\n\t<meta property=\"og:image:height\" content=\"1\" \/>\n\t<meta property=\"og:image:type\" content=\"image\/jpeg\" \/>\n<meta name=\"twitter:card\" content=\"summary_large_image\" \/>\n<meta name=\"twitter:label1\" content=\"Est. reading time\" \/>\n\t<meta name=\"twitter:data1\" content=\"1 minute\" \/>\n<script type=\"application\/ld+json\" class=\"yoast-schema-graph\">{\"@context\":\"https:\\\/\\\/schema.org\",\"@graph\":[{\"@type\":\"WebPage\",\"@id\":\"https:\\\/\\\/www.forenseek.fr\\\/en\\\/mentions-legales\\\/\",\"url\":\"https:\\\/\\\/www.forenseek.fr\\\/en\\\/mentions-legales\\\/\",\"name\":\"Forenseek - Legal notice\",\"isPartOf\":{\"@id\":\"https:\\\/\\\/www.forenseek.fr\\\/#website\"},\"datePublished\":\"2022-02-08T09:33:52+00:00\",\"dateModified\":\"2025-10-27T09:22:50+00:00\",\"breadcrumb\":{\"@id\":\"https:\\\/\\\/www.forenseek.fr\\\/en\\\/mentions-legales\\\/#breadcrumb\"},\"inLanguage\":\"en-US\",\"potentialAction\":[{\"@type\":\"ReadAction\",\"target\":[\"https:\\\/\\\/www.forenseek.fr\\\/en\\\/mentions-legales\\\/\"]}]},{\"@type\":\"BreadcrumbList\",\"@id\":\"https:\\\/\\\/www.forenseek.fr\\\/en\\\/mentions-legales\\\/#breadcrumb\",\"itemListElement\":[{\"@type\":\"ListItem\",\"position\":1,\"name\":\"Accueil\",\"item\":\"https:\\\/\\\/www.forenseek.fr\\\/en\\\/\"},{\"@type\":\"ListItem\",\"position\":2,\"name\":\"Legal notice\"}]},{\"@type\":\"WebSite\",\"@id\":\"https:\\\/\\\/www.forenseek.fr\\\/#website\",\"url\":\"https:\\\/\\\/www.forenseek.fr\\\/\",\"name\":\"Forenseek\",\"description\":\"Ad Verum Ad Justitia\",\"potentialAction\":[{\"@type\":\"SearchAction\",\"target\":{\"@type\":\"EntryPoint\",\"urlTemplate\":\"https:\\\/\\\/www.forenseek.fr\\\/?s={search_term_string}\"},\"query-input\":{\"@type\":\"PropertyValueSpecification\",\"valueRequired\":true,\"valueName\":\"search_term_string\"}}],\"inLanguage\":\"en-US\"}]}<\/script>\n<!-- \/ Yoast SEO Premium plugin. -->","yoast_head_json":{"title":"Forenseek - Legal notice","robots":{"index":"noindex","follow":"nofollow"},"og_locale":"en_US","og_type":"article","og_title":"Legal notice","og_description":"Le site internet www.forenseek.fr est \u00e9dit\u00e9 par la soci\u00e9t\u00e9 Forenseek, (ci-apr\u00e8s d\u00e9nomm\u00e9e la \u00ab Soci\u00e9t\u00e9&nbsp;\u00bb), soci\u00e9t\u00e9 par actions simplifi\u00e9e \u00e0 associ\u00e9 unique, dont le si\u00e8ge social est situ\u00e9 au 3 Villa Faie F\u00e9lix, 94300 Vincennes, immatricul\u00e9e au Registre du Commerce et des Soci\u00e9t\u00e9s de Cr\u00e9teil sous le num\u00e9ro 899 030 209, et dont le num\u00e9ro &hellip; Continue reading Legal notice &rarr;","og_url":"https:\/\/www.forenseek.fr\/en\/mentions-legales\/","og_site_name":"Forenseek","article_publisher":"https:\/\/www.facebook.com\/forenseekfr\/","article_modified_time":"2025-10-27T09:22:50+00:00","og_image":[{"url":"https:\/\/www.forenseek.fr\/wp-content\/uploads\/2022\/02\/LOGO-YOUTUBE-FORENSEEK.jpg","width":1,"height":1,"type":"image\/jpeg"}],"twitter_card":"summary_large_image","twitter_misc":{"Est. reading time":"1 minute"},"schema":{"@context":"https:\/\/schema.org","@graph":[{"@type":"WebPage","@id":"https:\/\/www.forenseek.fr\/en\/mentions-legales\/","url":"https:\/\/www.forenseek.fr\/en\/mentions-legales\/","name":"Forenseek - Legal notice","isPartOf":{"@id":"https:\/\/www.forenseek.fr\/#website"},"datePublished":"2022-02-08T09:33:52+00:00","dateModified":"2025-10-27T09:22:50+00:00","breadcrumb":{"@id":"https:\/\/www.forenseek.fr\/en\/mentions-legales\/#breadcrumb"},"inLanguage":"en-US","potentialAction":[{"@type":"ReadAction","target":["https:\/\/www.forenseek.fr\/en\/mentions-legales\/"]}]},{"@type":"BreadcrumbList","@id":"https:\/\/www.forenseek.fr\/en\/mentions-legales\/#breadcrumb","itemListElement":[{"@type":"ListItem","position":1,"name":"Accueil","item":"https:\/\/www.forenseek.fr\/en\/"},{"@type":"ListItem","position":2,"name":"Legal notice"}]},{"@type":"WebSite","@id":"https:\/\/www.forenseek.fr\/#website","url":"https:\/\/www.forenseek.fr\/","name":"Forenseek","description":"Ad Verum Ad Justitia","potentialAction":[{"@type":"SearchAction","target":{"@type":"EntryPoint","urlTemplate":"https:\/\/www.forenseek.fr\/?s={search_term_string}"},"query-input":{"@type":"PropertyValueSpecification","valueRequired":true,"valueName":"search_term_string"}}],"inLanguage":"en-US"}]}},"_links":{"self":[{"href":"https:\/\/www.forenseek.fr\/en\/wp-json\/wp\/v2\/pages\/21784","targetHints":{"allow":["GET"]}}],"collection":[{"href":"https:\/\/www.forenseek.fr\/en\/wp-json\/wp\/v2\/pages"}],"about":[{"href":"https:\/\/www.forenseek.fr\/en\/wp-json\/wp\/v2\/types\/page"}],"author":[{"embeddable":true,"href":"https:\/\/www.forenseek.fr\/en\/wp-json\/wp\/v2\/users\/1"}],"replies":[{"embeddable":true,"href":"https:\/\/www.forenseek.fr\/en\/wp-json\/wp\/v2\/comments?post=21784"}],"version-history":[{"count":1,"href":"https:\/\/www.forenseek.fr\/en\/wp-json\/wp\/v2\/pages\/21784\/revisions"}],"predecessor-version":[{"id":21803,"href":"https:\/\/www.forenseek.fr\/en\/wp-json\/wp\/v2\/pages\/21784\/revisions\/21803"}],"wp:attachment":[{"href":"https:\/\/www.forenseek.fr\/en\/wp-json\/wp\/v2\/media?parent=21784"}],"curies":[{"name":"wp","href":"https:\/\/api.w.org\/{rel}","templated":true}]}}