{"id":21732,"date":"2021-07-12T11:38:29","date_gmt":"2021-07-12T09:38:29","guid":{"rendered":"https:\/\/www.forenseek.fr\/articles\/"},"modified":"2025-10-23T16:25:57","modified_gmt":"2025-10-23T14:25:57","slug":"articles","status":"publish","type":"page","link":"https:\/\/www.forenseek.fr\/en\/articles\/","title":{"rendered":"Articles"},"content":{"rendered":"<p>Stay informed and explore in this section original articles on the various disciplines involved in the pursuit of truth. <br>Experience feedback, knowledge sharing, technical analyses, testimonies, investigations\u2026 <br>Experts share their insights!<\/p>","protected":false},"excerpt":{"rendered":"<p>Stay informed and explore in this section original articles on the various disciplines involved in the pursuit of truth. Experience feedback, knowledge sharing, technical analyses, testimonies, investigations\u2026 Experts share their insights!<\/p>\n","protected":false},"author":1,"featured_media":0,"parent":0,"menu_order":0,"comment_status":"closed","ping_status":"closed","template":"template-articles.php","meta":{"_acf_changed":false,"footnotes":""},"class_list":["post-21732","page","type-page","status-publish","hentry"],"acf":[],"yoast_head":"<!-- This site is optimized with the Yoast SEO Premium plugin v24.7 (Yoast SEO v27.4) - https:\/\/yoast.com\/product\/yoast-seo-premium-wordpress\/ -->\n<title>Forenseek - Articles<\/title>\n<meta name=\"description\" content=\"Informez-vous et retrouvez dans cette rubrique des articles in\u00e9dits sur les diff\u00e9rentes disciplines autour de l&#039;enqu\u00eate judiciaire\" \/>\n<meta name=\"robots\" content=\"index, follow, max-snippet:-1, max-image-preview:large, max-video-preview:-1\" \/>\n<link rel=\"canonical\" href=\"https:\/\/www.forenseek.fr\/en\/articles\/\" \/>\n<meta property=\"og:locale\" content=\"en_US\" \/>\n<meta property=\"og:type\" content=\"article\" \/>\n<meta property=\"og:title\" content=\"Articles\" \/>\n<meta property=\"og:description\" content=\"Informez-vous et retrouvez dans cette rubrique des articles in\u00e9dits sur les diff\u00e9rentes disciplines autour de l&#039;enqu\u00eate judiciaire\" \/>\n<meta property=\"og:url\" content=\"https:\/\/www.forenseek.fr\/en\/articles\/\" \/>\n<meta property=\"og:site_name\" content=\"Forenseek\" \/>\n<meta property=\"article:publisher\" content=\"https:\/\/www.facebook.com\/forenseekfr\/\" \/>\n<meta property=\"article:modified_time\" content=\"2025-10-23T14:25:57+00:00\" \/>\n<meta property=\"og:image\" content=\"https:\/\/www.forenseek.fr\/wp-content\/uploads\/2022\/02\/LOGO-YOUTUBE-FORENSEEK.jpg\" \/>\n\t<meta property=\"og:image:width\" content=\"1\" \/>\n\t<meta property=\"og:image:height\" content=\"1\" \/>\n\t<meta property=\"og:image:type\" content=\"image\/jpeg\" \/>\n<meta name=\"twitter:card\" content=\"summary_large_image\" \/>\n<meta name=\"twitter:label1\" content=\"Est. reading time\" \/>\n\t<meta name=\"twitter:data1\" content=\"1 minute\" \/>\n<script type=\"application\/ld+json\" class=\"yoast-schema-graph\">{\"@context\":\"https:\\\/\\\/schema.org\",\"@graph\":[{\"@type\":\"WebPage\",\"@id\":\"https:\\\/\\\/www.forenseek.fr\\\/en\\\/articles\\\/\",\"url\":\"https:\\\/\\\/www.forenseek.fr\\\/en\\\/articles\\\/\",\"name\":\"Forenseek - Articles\",\"isPartOf\":{\"@id\":\"https:\\\/\\\/www.forenseek.fr\\\/#website\"},\"datePublished\":\"2021-07-12T09:38:29+00:00\",\"dateModified\":\"2025-10-23T14:25:57+00:00\",\"description\":\"Informez-vous et retrouvez dans cette rubrique des articles in\u00e9dits sur les diff\u00e9rentes disciplines autour de l'enqu\u00eate judiciaire\",\"breadcrumb\":{\"@id\":\"https:\\\/\\\/www.forenseek.fr\\\/en\\\/articles\\\/#breadcrumb\"},\"inLanguage\":\"en-US\",\"potentialAction\":[{\"@type\":\"ReadAction\",\"target\":[\"https:\\\/\\\/www.forenseek.fr\\\/en\\\/articles\\\/\"]}]},{\"@type\":\"BreadcrumbList\",\"@id\":\"https:\\\/\\\/www.forenseek.fr\\\/en\\\/articles\\\/#breadcrumb\",\"itemListElement\":[{\"@type\":\"ListItem\",\"position\":1,\"name\":\"Accueil\",\"item\":\"https:\\\/\\\/www.forenseek.fr\\\/en\\\/\"},{\"@type\":\"ListItem\",\"position\":2,\"name\":\"Articles\"}]},{\"@type\":\"WebSite\",\"@id\":\"https:\\\/\\\/www.forenseek.fr\\\/#website\",\"url\":\"https:\\\/\\\/www.forenseek.fr\\\/\",\"name\":\"Forenseek\",\"description\":\"Ad Verum Ad Justitia\",\"potentialAction\":[{\"@type\":\"SearchAction\",\"target\":{\"@type\":\"EntryPoint\",\"urlTemplate\":\"https:\\\/\\\/www.forenseek.fr\\\/?s={search_term_string}\"},\"query-input\":{\"@type\":\"PropertyValueSpecification\",\"valueRequired\":true,\"valueName\":\"search_term_string\"}}],\"inLanguage\":\"en-US\"}]}<\/script>\n<!-- \/ Yoast SEO Premium plugin. -->","yoast_head_json":{"title":"Forenseek - Articles","description":"Informez-vous et retrouvez dans cette rubrique des articles in\u00e9dits sur les diff\u00e9rentes disciplines autour de l'enqu\u00eate judiciaire","robots":{"index":"index","follow":"follow","max-snippet":"max-snippet:-1","max-image-preview":"max-image-preview:large","max-video-preview":"max-video-preview:-1"},"canonical":"https:\/\/www.forenseek.fr\/en\/articles\/","og_locale":"en_US","og_type":"article","og_title":"Articles","og_description":"Informez-vous et retrouvez dans cette rubrique des articles in\u00e9dits sur les diff\u00e9rentes disciplines autour de l'enqu\u00eate judiciaire","og_url":"https:\/\/www.forenseek.fr\/en\/articles\/","og_site_name":"Forenseek","article_publisher":"https:\/\/www.facebook.com\/forenseekfr\/","article_modified_time":"2025-10-23T14:25:57+00:00","og_image":[{"url":"https:\/\/www.forenseek.fr\/wp-content\/uploads\/2022\/02\/LOGO-YOUTUBE-FORENSEEK.jpg","width":1,"height":1,"type":"image\/jpeg"}],"twitter_card":"summary_large_image","twitter_misc":{"Est. reading time":"1 minute"},"schema":{"@context":"https:\/\/schema.org","@graph":[{"@type":"WebPage","@id":"https:\/\/www.forenseek.fr\/en\/articles\/","url":"https:\/\/www.forenseek.fr\/en\/articles\/","name":"Forenseek - Articles","isPartOf":{"@id":"https:\/\/www.forenseek.fr\/#website"},"datePublished":"2021-07-12T09:38:29+00:00","dateModified":"2025-10-23T14:25:57+00:00","description":"Informez-vous et retrouvez dans cette rubrique des articles in\u00e9dits sur les diff\u00e9rentes disciplines autour de l'enqu\u00eate judiciaire","breadcrumb":{"@id":"https:\/\/www.forenseek.fr\/en\/articles\/#breadcrumb"},"inLanguage":"en-US","potentialAction":[{"@type":"ReadAction","target":["https:\/\/www.forenseek.fr\/en\/articles\/"]}]},{"@type":"BreadcrumbList","@id":"https:\/\/www.forenseek.fr\/en\/articles\/#breadcrumb","itemListElement":[{"@type":"ListItem","position":1,"name":"Accueil","item":"https:\/\/www.forenseek.fr\/en\/"},{"@type":"ListItem","position":2,"name":"Articles"}]},{"@type":"WebSite","@id":"https:\/\/www.forenseek.fr\/#website","url":"https:\/\/www.forenseek.fr\/","name":"Forenseek","description":"Ad Verum Ad Justitia","potentialAction":[{"@type":"SearchAction","target":{"@type":"EntryPoint","urlTemplate":"https:\/\/www.forenseek.fr\/?s={search_term_string}"},"query-input":{"@type":"PropertyValueSpecification","valueRequired":true,"valueName":"search_term_string"}}],"inLanguage":"en-US"}]}},"_links":{"self":[{"href":"https:\/\/www.forenseek.fr\/en\/wp-json\/wp\/v2\/pages\/21732","targetHints":{"allow":["GET"]}}],"collection":[{"href":"https:\/\/www.forenseek.fr\/en\/wp-json\/wp\/v2\/pages"}],"about":[{"href":"https:\/\/www.forenseek.fr\/en\/wp-json\/wp\/v2\/types\/page"}],"author":[{"embeddable":true,"href":"https:\/\/www.forenseek.fr\/en\/wp-json\/wp\/v2\/users\/1"}],"replies":[{"embeddable":true,"href":"https:\/\/www.forenseek.fr\/en\/wp-json\/wp\/v2\/comments?post=21732"}],"version-history":[{"count":1,"href":"https:\/\/www.forenseek.fr\/en\/wp-json\/wp\/v2\/pages\/21732\/revisions"}],"predecessor-version":[{"id":21738,"href":"https:\/\/www.forenseek.fr\/en\/wp-json\/wp\/v2\/pages\/21732\/revisions\/21738"}],"wp:attachment":[{"href":"https:\/\/www.forenseek.fr\/en\/wp-json\/wp\/v2\/media?parent=21732"}],"curies":[{"name":"wp","href":"https:\/\/api.w.org\/{rel}","templated":true}]}}